{"id":1885,"date":"2021-04-20T09:57:58","date_gmt":"2021-04-20T09:57:58","guid":{"rendered":"http:\/\/test.tuktuktapas.com\/ueber-uns\/"},"modified":"2021-11-16T10:24:45","modified_gmt":"2021-11-16T10:24:45","slug":"ueber-uns","status":"publish","type":"page","link":"https:\/\/www.tuktuktapas.com\/de\/ueber-uns\/","title":{"rendered":"\u00dcber uns"},"content":{"rendered":"<section class=\"wpb-content-wrapper\"><p>[vc_row css=&#8220;.vc_custom_1594283270891{padding-top: 50px !important;padding-bottom: 50px !important;}&#8220;][vc_column width=&#8220;1\/3&#8243;][vc_raw_html]PGJsb2NrcXVvdGU+PGgyPldpciBzaW5kIGVpbiDDtmtvbG9naXNjaGVzLCBuYWNoaGFsdGlnZXMgdW5kIHVudGVyaGFsdHNhbWVzIFVudGVybmVobWVuITwvaDI+PC9ibG9ja3F1b3RlPg==[\/vc_raw_html][\/vc_column][vc_column width=&#8220;2\/3&#8243;][vc_column_text]<span style=\"font-weight: 300;\">Tuk Tuk Tapas ist ein junges und dynamisches Unternehmen, das gegr\u00fcndet wurde, um Sie auf eine andere gastronomische Art und Weise, die der Umwelt verpflichtet ist, in die Stadt einzuf\u00fchren.<\/span><\/p>\n<p><span style=\"font-weight: 300;\">Mit unseren 100% Elektrofahrzeugen tragen wir zur Reduzierung der st\u00e4dtischen Umweltverschmutzung bei, haben Spa\u00df und genie\u00dfen unseren leckeren und saftigen Vorschlag.<\/span><\/p>\n<p><span style=\"font-weight: 300;\">Dank unseres einzigartigen und erfahrenen Teams von Guides werden Sie, wenn Sie in eines unserer Tuk Tuk steigen, ein einzigartiges Erlebnis genie\u00dfen und es auf angenehme und unvergessliche Weise tun.<\/span><\/p>\n<p><span style=\"font-weight: 300;\">Unsere Fahrer werden Sie dazu bringen, die Stadt Madrid zu genie\u00dfen und zu essen. <\/span><span style=\"font-weight: 300;\">Sie werden die besten gastronomischen Empfindungen und eine einzigartige Erfahrung haben, die Sie teilen k\u00f6nnen, wenn Sie nach Hause zur\u00fcckkehren. <\/span><span style=\"font-weight: 300;\">Und das alles ohne Emissionen. Unsere Fahrzeuge sind elektrisch. Sie werden sich also nicht nur um die Stadt k\u00fcmmern, sondern auch darum, den Planeten zu einem lebenswerten Ort zu machen. <\/span><\/p>\n<p><span style=\"font-weight: 300;\">Viel Spa\u00df, genie\u00dfen und essen Sie Madrid mit uns.<\/span>[\/vc_column_text][\/vc_column][\/vc_row][vc_row css=&#8220;.vc_custom_1594283156858{padding-top: 50px !important;padding-bottom: 50px !important;}&#8220;][vc_column]<div id=\"swiper1\" class=\"atgrid atgrid--small\">\n<div class=\"title title--big title--center title--underline title--decoration-bottom-center\">\n\t\t<h3 class=\"title__primary\">Unsere Touren<\/h3>\n<\/div>\n\t<div class=\"atgrid__slider\">\n\t\t<div class=\"atgrid__slider__controls atgrid__slider__controls--dark\">\n\t\t\t<a class=\"atgrid__slider__prev\" href=\"#\"><i class=\"fa fa-chevron-left\"><\/i><\/a>\n\t\t\t<a class=\"atgrid__slider__next\" href=\"#\"><i class=\"fa fa-chevron-right\"><\/i><\/a>\n\t\t<\/div>\n\n\t\t<div class=\"swiper-container swiper-slider atgrid__slider__container\">\n\t\t\t<div class=\"swiper-wrapper\">\n\t\t\t\t\t\t\t\t\t\t<div class=\"swiper-slide\">\n\t\t\t\t\t<div class=\"atgrid__item\">\n\t\t\t\t\t\t<div class=\"atgrid__item__top\">\n\t\t\t\t\t\t\t<a href=\"https:\/\/www.tuktuktapas.com\/de\/tours\/tour-de-luces-de-navidad-120min\/\" class=\"atgrid__item__top__image\"><img loading=\"lazy\" decoding=\"async\" width=\"360\" height=\"240\" src=\"https:\/\/www.tuktuktapas.com\/wp-content\/uploads\/2025\/11\/Imagen-de-WhatsApp-2025-11-21-a-las-12.03.14_06ba2bde-360x240.jpg\" class=\"attachment-thumb_tour_listing_small size-thumb_tour_listing_small wp-post-image\" alt=\"\" srcset=\"https:\/\/www.tuktuktapas.com\/wp-content\/uploads\/2025\/11\/Imagen-de-WhatsApp-2025-11-21-a-las-12.03.14_06ba2bde-360x240.jpg 360w, https:\/\/www.tuktuktapas.com\/wp-content\/uploads\/2025\/11\/Imagen-de-WhatsApp-2025-11-21-a-las-12.03.14_06ba2bde-531x354.jpg 531w, https:\/\/www.tuktuktapas.com\/wp-content\/uploads\/2025\/11\/Imagen-de-WhatsApp-2025-11-21-a-las-12.03.14_06ba2bde-180x120.jpg 180w, https:\/\/www.tuktuktapas.com\/wp-content\/uploads\/2025\/11\/Imagen-de-WhatsApp-2025-11-21-a-las-12.03.14_06ba2bde-270x180.jpg 270w\" sizes=\"auto, (max-width: 360px) 100vw, 360px\" \/><\/a>\t\t\t\t\t\t\t\t\t\t\t\t\t\t<div class=\"atgrid__item__price\"><a href=\"https:\/\/www.tuktuktapas.com\/de\/tours\/tour-de-luces-de-navidad-120min\/\" class=\"atgrid__item__price__button\"><span class=\"woocommerce-Price-amount amount\"><bdi>139,00<span class=\"woocommerce-Price-currencySymbol\">&euro;<\/span><\/bdi><\/span><\/a><\/div>\t\t\t\t\t\t\t\t\t\t\t\t\t\t\t\t\t\t\t\t<\/div>\n\n\t\t\t\t\t\t<div class=\"atgrid__item__content\">\n\t\t\t\t\t\t\t<h3 class=\"atgrid__item__title\"><a href=\"https:\/\/www.tuktuktapas.com\/de\/tours\/tour-de-luces-de-navidad-120min\/\">Tour de luces de navidad 120min<\/a><\/h3>\n\t\t\t\t\t\t\t\t\t\t\t\t\t<div class=\"atgrid__item__description\">Tour de\u00a0 Luces de Navidad &nbsp;<\/div>\n\t\t\t\t\t\t\t\t\t\t\t\t<\/div>\n\t\t\t\t\t\t<div class=\"item-attributes\">\n\t\t\t\t\t\t\t\t\t\t\t\t\t\t<div class=\"item-attributes__item\">\n\t\t\t\t\t\t\t\t<a href=\"https:\/\/www.tuktuktapas.com\/de\/tours\/tour-de-luces-de-navidad-120min\/\" class=\"item-attributes__link\"><i class=\"fa fa-long-arrow-right\"><\/i><\/a>\n\t\t\t\t\t\t\t<\/div>\n\t\t\t\t\t\t<\/div>\n\t\t\t\t\t<\/div>\n\t\t\t\t<\/div>\n\t\t\t\t\t\t\t\t\t\t<div class=\"swiper-slide\">\n\t\t\t\t\t<div class=\"atgrid__item\">\n\t\t\t\t\t\t<div class=\"atgrid__item__top\">\n\t\t\t\t\t\t\t<a href=\"https:\/\/www.tuktuktapas.com\/de\/tours\/touristentour-madrid-zentrum-120-minuten\/\" class=\"atgrid__item__top__image\"><img loading=\"lazy\" decoding=\"async\" width=\"360\" height=\"240\" src=\"https:\/\/www.tuktuktapas.com\/wp-content\/uploads\/2024\/08\/IMG-20240902-WA0014-360x240.jpg\" class=\"attachment-thumb_tour_listing_small size-thumb_tour_listing_small wp-post-image\" alt=\"\" srcset=\"https:\/\/www.tuktuktapas.com\/wp-content\/uploads\/2024\/08\/IMG-20240902-WA0014-360x240.jpg 360w, https:\/\/www.tuktuktapas.com\/wp-content\/uploads\/2024\/08\/IMG-20240902-WA0014-531x354.jpg 531w, https:\/\/www.tuktuktapas.com\/wp-content\/uploads\/2024\/08\/IMG-20240902-WA0014-180x120.jpg 180w, https:\/\/www.tuktuktapas.com\/wp-content\/uploads\/2024\/08\/IMG-20240902-WA0014-270x180.jpg 270w\" sizes=\"auto, (max-width: 360px) 100vw, 360px\" \/><\/a>\t\t\t\t\t\t\t<div class=\"atgrid__item__angle-wrap\"><div class=\"atgrid__item__angle\" style=\"background-color:#c2000b\">Nuevo Tour<\/div><\/div>\t\t\t\t\t\t\t<div class=\"atgrid__item__price\"><a href=\"https:\/\/www.tuktuktapas.com\/de\/tours\/touristentour-madrid-zentrum-120-minuten\/\" class=\"atgrid__item__price__button\"><span class=\"woocommerce-Price-amount amount\"><bdi>139,00<span class=\"woocommerce-Price-currencySymbol\">&euro;<\/span><\/bdi><\/span><\/a><\/div>\t\t\t\t\t\t\t\t\t\t\t\t\t\t\t\t\t\t\t\t<\/div>\n\n\t\t\t\t\t\t<div class=\"atgrid__item__content\">\n\t\t\t\t\t\t\t<h3 class=\"atgrid__item__title\"><a href=\"https:\/\/www.tuktuktapas.com\/de\/tours\/touristentour-madrid-zentrum-120-minuten\/\">Zentral-Madrid Stadttour - 120 Minuten<\/a><\/h3>\n\t\t\t\t\t\t\t\t\t\t\t\t\t<div class=\"atgrid__item__description\">60-min\u00fctige Sightseeing-Tour durch das Zentrum von Madrid<\/div>\n\t\t\t\t\t\t\t\t\t\t\t\t<\/div>\n\t\t\t\t\t\t<div class=\"item-attributes\">\n\t\t\t\t\t\t\t<div class=\"item-attributes__item\"><div class=\"item-attributes__item__content\"><div class=\"item-attributes__item__content__item\"><i class=\"td-alarm-clock\"><\/i><\/div><div class=\"item-attributes__item__content__item item-attributes__item__content__item--text\"><span><\/span><\/div><\/div><\/div><div class=\"item-attributes__item\"><div class=\"item-attributes__item__content\"><div class=\"item-attributes__item__content__item\"><i class=\"td-price-tag\"><\/i><\/div><div class=\"item-attributes__item__content__item item-attributes__item__content__item--text\"><span><\/span><\/div><\/div><\/div>\t\t\t\t\t\t\t<div class=\"item-attributes__item\">\n\t\t\t\t\t\t\t\t<a href=\"https:\/\/www.tuktuktapas.com\/de\/tours\/touristentour-madrid-zentrum-120-minuten\/\" class=\"item-attributes__link\"><i class=\"fa fa-long-arrow-right\"><\/i><\/a>\n\t\t\t\t\t\t\t<\/div>\n\t\t\t\t\t\t<\/div>\n\t\t\t\t\t<\/div>\n\t\t\t\t<\/div>\n\t\t\t\t\t\t\t\t\t\t<div class=\"swiper-slide\">\n\t\t\t\t\t<div class=\"atgrid__item\">\n\t\t\t\t\t\t<div class=\"atgrid__item__top\">\n\t\t\t\t\t\t\t<a href=\"https:\/\/www.tuktuktapas.com\/de\/tours\/tourist-tour-madrid-zentral-60min\/\" class=\"atgrid__item__top__image\"><img loading=\"lazy\" decoding=\"async\" width=\"360\" height=\"240\" src=\"https:\/\/www.tuktuktapas.com\/wp-content\/uploads\/2024\/08\/IMG_1707-360x240.jpeg\" class=\"attachment-thumb_tour_listing_small size-thumb_tour_listing_small wp-post-image\" alt=\"\" \/><\/a>\t\t\t\t\t\t\t\t\t\t\t\t\t\t<div class=\"atgrid__item__price\"><a href=\"https:\/\/www.tuktuktapas.com\/de\/tours\/tourist-tour-madrid-zentral-60min\/\" class=\"atgrid__item__price__button\"><span class=\"woocommerce-Price-amount amount\"><bdi>79,00<span class=\"woocommerce-Price-currencySymbol\">&euro;<\/span><\/bdi><\/span><\/a><\/div>\t\t\t\t\t\t\t\t\t\t\t\t\t\t\t\t\t\t\t\t<\/div>\n\n\t\t\t\t\t\t<div class=\"atgrid__item__content\">\n\t\t\t\t\t\t\t<h3 class=\"atgrid__item__title\"><a href=\"https:\/\/www.tuktuktapas.com\/de\/tours\/tourist-tour-madrid-zentral-60min\/\">Touristentour Madrid Zentrum 60min<\/a><\/h3>\n\t\t\t\t\t\t\t\t\t\t\t\t\t<div class=\"atgrid__item__description\">60-min\u00fctige Sightseeing-Tour durch das Zentrum von Madrid<\/div>\n\t\t\t\t\t\t\t\t\t\t\t\t<\/div>\n\t\t\t\t\t\t<div class=\"item-attributes\">\n\t\t\t\t\t\t\t<div class=\"item-attributes__item\"><div class=\"item-attributes__item__content\"><div class=\"item-attributes__item__content__item\"><i class=\"td-alarm-clock\"><\/i><\/div><div class=\"item-attributes__item__content__item item-attributes__item__content__item--text\"><span>60 Minuten<\/span><\/div><\/div><\/div><div class=\"item-attributes__item\"><div class=\"item-attributes__item__content\"><div class=\"item-attributes__item__content__item\"><i class=\"td-price-tag\"><\/i><\/div><div class=\"item-attributes__item__content__item item-attributes__item__content__item--text\"><span><\/span><\/div><\/div><\/div>\t\t\t\t\t\t\t<div class=\"item-attributes__item\">\n\t\t\t\t\t\t\t\t<a href=\"https:\/\/www.tuktuktapas.com\/de\/tours\/tourist-tour-madrid-zentral-60min\/\" class=\"item-attributes__link\"><i class=\"fa fa-long-arrow-right\"><\/i><\/a>\n\t\t\t\t\t\t\t<\/div>\n\t\t\t\t\t\t<\/div>\n\t\t\t\t\t<\/div>\n\t\t\t\t<\/div>\n\t\t\t\t\t\t\t\t\t\t<div class=\"swiper-slide\">\n\t\t\t\t\t<div class=\"atgrid__item\">\n\t\t\t\t\t\t<div class=\"atgrid__item__top\">\n\t\t\t\t\t\t\t<a href=\"https:\/\/www.tuktuktapas.com\/de\/tours\/emblematische-und-alte-raumlichkeiten\/\" class=\"atgrid__item__top__image\"><img loading=\"lazy\" decoding=\"async\" width=\"360\" height=\"240\" src=\"https:\/\/www.tuktuktapas.com\/wp-content\/uploads\/2022\/01\/WhatsApp-Image-2024-06-28-at-16.54.19-1-360x240.jpeg\" class=\"attachment-thumb_tour_listing_small size-thumb_tour_listing_small wp-post-image\" alt=\"\" srcset=\"https:\/\/www.tuktuktapas.com\/wp-content\/uploads\/2022\/01\/WhatsApp-Image-2024-06-28-at-16.54.19-1-360x240.jpeg 360w, https:\/\/www.tuktuktapas.com\/wp-content\/uploads\/2022\/01\/WhatsApp-Image-2024-06-28-at-16.54.19-1-531x354.jpeg 531w, https:\/\/www.tuktuktapas.com\/wp-content\/uploads\/2022\/01\/WhatsApp-Image-2024-06-28-at-16.54.19-1-180x120.jpeg 180w\" sizes=\"auto, (max-width: 360px) 100vw, 360px\" \/><\/a>\t\t\t\t\t\t\t\t\t\t\t\t\t\t<div class=\"atgrid__item__price\"><a href=\"https:\/\/www.tuktuktapas.com\/de\/tours\/emblematische-und-alte-raumlichkeiten\/\" class=\"atgrid__item__price__button\"><span class=\"woocommerce-Price-amount amount\"><bdi>119,00<span class=\"woocommerce-Price-currencySymbol\">&euro;<\/span><\/bdi><\/span><\/a><\/div>\t\t\t\t\t\t\t\t\t\t\t\t\t\t\t\t\t\t\t\t<\/div>\n\n\t\t\t\t\t\t<div class=\"atgrid__item__content\">\n\t\t\t\t\t\t\t<h3 class=\"atgrid__item__title\"><a href=\"https:\/\/www.tuktuktapas.com\/de\/tours\/emblematische-und-alte-raumlichkeiten\/\">Touristentour Madrid Zentrum 90min<\/a><\/h3>\n\t\t\t\t\t\t\t\t\t\t\t\t\t<div class=\"atgrid__item__description\">90-min\u00fctige Sightseeing-Tour durch das Zentrum von Madrid<\/div>\n\t\t\t\t\t\t\t\t\t\t\t\t<\/div>\n\t\t\t\t\t\t<div class=\"item-attributes\">\n\t\t\t\t\t\t\t<div class=\"item-attributes__item\"><div class=\"item-attributes__item__content\"><div class=\"item-attributes__item__content__item\"><i class=\"td-alarm-clock\"><\/i><\/div><div class=\"item-attributes__item__content__item item-attributes__item__content__item--text\"><span><\/span><\/div><\/div><\/div><div class=\"item-attributes__item\"><div class=\"item-attributes__item__content\"><div class=\"item-attributes__item__content__item\"><i class=\"td-price-tag\"><\/i><\/div><div class=\"item-attributes__item__content__item item-attributes__item__content__item--text\"><span><\/span><\/div><\/div><\/div>\t\t\t\t\t\t\t<div class=\"item-attributes__item\">\n\t\t\t\t\t\t\t\t<a href=\"https:\/\/www.tuktuktapas.com\/de\/tours\/emblematische-und-alte-raumlichkeiten\/\" class=\"item-attributes__link\"><i class=\"fa fa-long-arrow-right\"><\/i><\/a>\n\t\t\t\t\t\t\t<\/div>\n\t\t\t\t\t\t<\/div>\n\t\t\t\t\t<\/div>\n\t\t\t\t<\/div>\n\t\t\t\t\t\t\t\t\t<\/div><!-- .swiper-wrapper -->\n\t\t<\/div><!-- .swiper-container -->\n\t<\/div><!-- .atgrid__slider  -->\n<\/div><!-- .atgrid -->\n[\/vc_column][\/vc_row][vc_row full_width=&#8220;stretch_row&#8220; disable_element=&#8220;yes&#8220; css=&#8220;.vc_custom_1637058266828{margin-bottom: -40px !important;padding-top: 80px !important;padding-bottom: 80px !important;background-image: url(https:\/\/tuktuktapas.com\/wp-content\/uploads\/2020\/06\/fondo-logos.jpg?id=1363) !important;}&#8220;][vc_column][vc_carousel_father slide_visible=&#8220;4&#8243; tabs=&#8220;3&#8243; spaces=&#8220;10px&#8220; dotclr=&#8220;#ffffff&#8220;][vc_carousel_son image_id=&#8220;1374&#8243; img_width=&#8220;200px&#8220;][\/vc_carousel_son][vc_carousel_son image_id=&#8220;1373&#8243; img_width=&#8220;250px&#8220;][\/vc_carousel_son][vc_carousel_son image_id=&#8220;1372&#8243; img_width=&#8220;150px&#8220;][\/vc_carousel_son][vc_carousel_son image_id=&#8220;1374&#8243; img_width=&#8220;200px&#8220;][\/vc_carousel_son][vc_carousel_son image_id=&#8220;1373&#8243; img_width=&#8220;250px&#8220;][\/vc_carousel_son][vc_carousel_son image_id=&#8220;1372&#8243; img_width=&#8220;150px&#8220;][\/vc_carousel_son][\/vc_carousel_father][\/vc_column][\/vc_row][vc_row full_width=&#8220;stretch_row&#8220; css=&#8220;.vc_custom_1637058278835{margin-bottom: -40px !important;padding-top: 200px !important;padding-bottom: 200px !important;background-image: url(https:\/\/tuktuktapas.com\/wp-content\/uploads\/2020\/06\/fondo-logos.jpg?id=1363) !important;}&#8220;][vc_column][\/vc_column][\/vc_row]<\/p>\n<\/section>","protected":false},"excerpt":{"rendered":"<p>[vc_row css=&#8220;.vc_custom_1594283270891{padding-top: 50px !important;padding-bottom: 50px !important;}&#8220;][vc_column width=&#8220;1\/3&#8243;][vc_raw_html]PGJsb2NrcXVvdGU+PGgyPldpciBzaW5kIGVpbiDDtmtvbG9naXNjaGVzLCBuYWNoaGFsdGlnZXMgdW5kIHVudGVyaGFsdHNhbWVzIFVudGVybmVobWVuITwvaDI+PC9ibG9ja3F1b3RlPg==[\/vc_raw_html][\/vc_column][vc_column width=&#8220;2\/3&#8243;][vc_column_text]Tuk Tuk Tapas ist ein junges und dynamisches Unternehmen, das gegr\u00fcndet wurde, um Sie auf eine andere gastronomische Art und Weise, die der Umwelt verpflichtet ist, in die Stadt einzuf\u00fchren. Mit unseren 100% Elektrofahrzeugen tragen wir zur Reduzierung der st\u00e4dtischen Umweltverschmutzung bei, haben Spa\u00df und genie\u00dfen unseren leckeren<\/p>\n<div class=\"padding-top text-center\"><a href=\"https:\/\/www.tuktuktapas.com\/de\/tours\/emblematische-und-alte-raumlichkeiten\/\" class=\"atbtn atbtn--medium atbtn--rounded atbtn--transparent\">Read more<i class=\"atbtn__icon atbtn__icon--right fa fa-long-arrow-right\"><\/i><\/a><\/div>\n","protected":false},"author":1,"featured_media":0,"parent":0,"menu_order":0,"comment_status":"closed","ping_status":"closed","template":"","meta":{"_joinchat":[],"footnotes":""},"class_list":["post-1885","page","type-page","status-publish","hentry"],"yoast_head":"<!-- This site is optimized with the Yoast SEO plugin v23.7 - https:\/\/yoast.com\/wordpress\/plugins\/seo\/ -->\n<title>\u00dcber uns - Tuk Tuk Tapas<\/title>\n<meta name=\"robots\" content=\"index, follow, max-snippet:-1, max-image-preview:large, max-video-preview:-1\" \/>\n<link rel=\"canonical\" href=\"https:\/\/www.tuktuktapas.com\/de\/ueber-uns\/\" \/>\n<meta property=\"og:locale\" content=\"de_DE\" \/>\n<meta property=\"og:type\" content=\"article\" \/>\n<meta property=\"og:title\" content=\"\u00dcber uns - Tuk Tuk Tapas\" \/>\n<meta property=\"og:description\" content=\"[vc_row css=&#8220;.vc_custom_1594283270891{padding-top: 50px !important;padding-bottom: 50px !important;}&#8220;][vc_column width=&#8220;1\/3&#8243;][vc_raw_html]PGJsb2NrcXVvdGU+PGgyPldpciBzaW5kIGVpbiDDtmtvbG9naXNjaGVzLCBuYWNoaGFsdGlnZXMgdW5kIHVudGVyaGFsdHNhbWVzIFVudGVybmVobWVuITwvaDI+PC9ibG9ja3F1b3RlPg==[\/vc_raw_html][\/vc_column][vc_column width=&#8220;2\/3&#8243;][vc_column_text]Tuk Tuk Tapas ist ein junges und dynamisches Unternehmen, das gegr\u00fcndet wurde, um Sie auf eine andere gastronomische Art und Weise, die der Umwelt verpflichtet ist, in die Stadt einzuf\u00fchren. Mit unseren 100% Elektrofahrzeugen tragen wir zur Reduzierung der st\u00e4dtischen Umweltverschmutzung bei, haben Spa\u00df und genie\u00dfen unseren leckerenRead more\" \/>\n<meta property=\"og:url\" content=\"https:\/\/www.tuktuktapas.com\/de\/ueber-uns\/\" \/>\n<meta property=\"og:site_name\" content=\"Tuk Tuk Tapas\" \/>\n<meta property=\"article:modified_time\" content=\"2021-11-16T10:24:45+00:00\" \/>\n<meta name=\"twitter:card\" content=\"summary_large_image\" \/>\n<meta name=\"twitter:label1\" content=\"Gesch\u00e4tzte Lesezeit\" \/>\n\t<meta name=\"twitter:data1\" content=\"1\u00a0Minute\" \/>\n<script type=\"application\/ld+json\" class=\"yoast-schema-graph\">{\"@context\":\"https:\/\/schema.org\",\"@graph\":[{\"@type\":\"WebPage\",\"@id\":\"https:\/\/www.tuktuktapas.com\/de\/ueber-uns\/\",\"url\":\"https:\/\/www.tuktuktapas.com\/de\/ueber-uns\/\",\"name\":\"\u00dcber uns - Tuk Tuk Tapas\",\"isPartOf\":{\"@id\":\"https:\/\/www.tuktuktapas.com\/#website\"},\"datePublished\":\"2021-04-20T09:57:58+00:00\",\"dateModified\":\"2021-11-16T10:24:45+00:00\",\"breadcrumb\":{\"@id\":\"https:\/\/www.tuktuktapas.com\/de\/ueber-uns\/#breadcrumb\"},\"inLanguage\":\"de\",\"potentialAction\":[{\"@type\":\"ReadAction\",\"target\":[\"https:\/\/www.tuktuktapas.com\/de\/ueber-uns\/\"]}]},{\"@type\":\"BreadcrumbList\",\"@id\":\"https:\/\/www.tuktuktapas.com\/de\/ueber-uns\/#breadcrumb\",\"itemListElement\":[{\"@type\":\"ListItem\",\"position\":1,\"name\":\"Portada\",\"item\":\"https:\/\/www.tuktuktapas.com\/de\/\"},{\"@type\":\"ListItem\",\"position\":2,\"name\":\"\u00dcber uns\"}]},{\"@type\":\"WebSite\",\"@id\":\"https:\/\/www.tuktuktapas.com\/#website\",\"url\":\"https:\/\/www.tuktuktapas.com\/\",\"name\":\"Tuk Tuk Tapas\",\"description\":\"Otra forma de conocer Madrid\",\"potentialAction\":[{\"@type\":\"SearchAction\",\"target\":{\"@type\":\"EntryPoint\",\"urlTemplate\":\"https:\/\/www.tuktuktapas.com\/?s={search_term_string}\"},\"query-input\":{\"@type\":\"PropertyValueSpecification\",\"valueRequired\":true,\"valueName\":\"search_term_string\"}}],\"inLanguage\":\"de\"}]}<\/script>\n<!-- \/ Yoast SEO plugin. -->","yoast_head_json":{"title":"\u00dcber uns - Tuk Tuk Tapas","robots":{"index":"index","follow":"follow","max-snippet":"max-snippet:-1","max-image-preview":"max-image-preview:large","max-video-preview":"max-video-preview:-1"},"canonical":"https:\/\/www.tuktuktapas.com\/de\/ueber-uns\/","og_locale":"de_DE","og_type":"article","og_title":"\u00dcber uns - Tuk Tuk Tapas","og_description":"[vc_row css=&#8220;.vc_custom_1594283270891{padding-top: 50px !important;padding-bottom: 50px !important;}&#8220;][vc_column width=&#8220;1\/3&#8243;][vc_raw_html]PGJsb2NrcXVvdGU+PGgyPldpciBzaW5kIGVpbiDDtmtvbG9naXNjaGVzLCBuYWNoaGFsdGlnZXMgdW5kIHVudGVyaGFsdHNhbWVzIFVudGVybmVobWVuITwvaDI+PC9ibG9ja3F1b3RlPg==[\/vc_raw_html][\/vc_column][vc_column width=&#8220;2\/3&#8243;][vc_column_text]Tuk Tuk Tapas ist ein junges und dynamisches Unternehmen, das gegr\u00fcndet wurde, um Sie auf eine andere gastronomische Art und Weise, die der Umwelt verpflichtet ist, in die Stadt einzuf\u00fchren. Mit unseren 100% Elektrofahrzeugen tragen wir zur Reduzierung der st\u00e4dtischen Umweltverschmutzung bei, haben Spa\u00df und genie\u00dfen unseren leckerenRead more","og_url":"https:\/\/www.tuktuktapas.com\/de\/ueber-uns\/","og_site_name":"Tuk Tuk Tapas","article_modified_time":"2021-11-16T10:24:45+00:00","twitter_card":"summary_large_image","twitter_misc":{"Gesch\u00e4tzte Lesezeit":"1\u00a0Minute"},"schema":{"@context":"https:\/\/schema.org","@graph":[{"@type":"WebPage","@id":"https:\/\/www.tuktuktapas.com\/de\/ueber-uns\/","url":"https:\/\/www.tuktuktapas.com\/de\/ueber-uns\/","name":"\u00dcber uns - Tuk Tuk Tapas","isPartOf":{"@id":"https:\/\/www.tuktuktapas.com\/#website"},"datePublished":"2021-04-20T09:57:58+00:00","dateModified":"2021-11-16T10:24:45+00:00","breadcrumb":{"@id":"https:\/\/www.tuktuktapas.com\/de\/ueber-uns\/#breadcrumb"},"inLanguage":"de","potentialAction":[{"@type":"ReadAction","target":["https:\/\/www.tuktuktapas.com\/de\/ueber-uns\/"]}]},{"@type":"BreadcrumbList","@id":"https:\/\/www.tuktuktapas.com\/de\/ueber-uns\/#breadcrumb","itemListElement":[{"@type":"ListItem","position":1,"name":"Portada","item":"https:\/\/www.tuktuktapas.com\/de\/"},{"@type":"ListItem","position":2,"name":"\u00dcber uns"}]},{"@type":"WebSite","@id":"https:\/\/www.tuktuktapas.com\/#website","url":"https:\/\/www.tuktuktapas.com\/","name":"Tuk Tuk Tapas","description":"Otra forma de conocer Madrid","potentialAction":[{"@type":"SearchAction","target":{"@type":"EntryPoint","urlTemplate":"https:\/\/www.tuktuktapas.com\/?s={search_term_string}"},"query-input":{"@type":"PropertyValueSpecification","valueRequired":true,"valueName":"search_term_string"}}],"inLanguage":"de"}]}},"_links":{"self":[{"href":"https:\/\/www.tuktuktapas.com\/de\/wp-json\/wp\/v2\/pages\/1885","targetHints":{"allow":["GET"]}}],"collection":[{"href":"https:\/\/www.tuktuktapas.com\/de\/wp-json\/wp\/v2\/pages"}],"about":[{"href":"https:\/\/www.tuktuktapas.com\/de\/wp-json\/wp\/v2\/types\/page"}],"author":[{"embeddable":true,"href":"https:\/\/www.tuktuktapas.com\/de\/wp-json\/wp\/v2\/users\/1"}],"replies":[{"embeddable":true,"href":"https:\/\/www.tuktuktapas.com\/de\/wp-json\/wp\/v2\/comments?post=1885"}],"version-history":[{"count":7,"href":"https:\/\/www.tuktuktapas.com\/de\/wp-json\/wp\/v2\/pages\/1885\/revisions"}],"predecessor-version":[{"id":2259,"href":"https:\/\/www.tuktuktapas.com\/de\/wp-json\/wp\/v2\/pages\/1885\/revisions\/2259"}],"wp:attachment":[{"href":"https:\/\/www.tuktuktapas.com\/de\/wp-json\/wp\/v2\/media?parent=1885"}],"curies":[{"name":"wp","href":"https:\/\/api.w.org\/{rel}","templated":true}]}}