{"id":1791,"date":"2021-04-20T09:57:20","date_gmt":"2021-04-20T09:57:20","guid":{"rendered":"http:\/\/test.tuktuktapas.com\/start\/"},"modified":"2022-02-21T16:02:42","modified_gmt":"2022-02-21T16:02:42","slug":"home","status":"publish","type":"page","link":"https:\/\/www.tuktuktapas.com\/de\/","title":{"rendered":"Home"},"content":{"rendered":"<section class=\"wpb-content-wrapper\"><p>[vc_row full_width=&#8220;stretch_row&#8220; gap=&#8220;20&#8243;][vc_column][vc_separator color=&#8220;custom&#8220; align=&#8220;align_left&#8220; border_width=&#8220;5&#8243; el_width=&#8220;10&#8243; accent_color=&#8220;#c2000b&#8220; el_class=&#8220;barra&#8220;][vc_column_text el_class=&#8220;title-inicio&#8220;]<\/p>\n<h3>Tuk Tuk Tapas Madrid<\/h3>\n<h2>WAS BIETEN WIR IHNEN?<\/h2>\n<p>[\/vc_column_text][vc_row_inner][vc_column_inner width=&#8220;1\/2&#8243;][vc_column_text el_class=&#8220;title-inicio&#8220;]Bei all unseren Touren suchen wir nach einzigartigen und typischen Orten in den verschiedenen und weiten Stadtteilen der Stadt Madrid, wo wir Ihnen zeigen, welche Produkte Sie probieren sollen, und Ihnen erkl\u00e4ren, welches Produkt Sie einnehmen und wie es ist wird gemacht und warum. Produkt am gew\u00e4hlten Ort.<\/p>\n<p><strong>In unseren Touren<\/strong><\/p>\n<p>Der F\u00fchrer erkl\u00e4rt die Geschichte des Ortes, den wir besuchen, begleitet von:<br \/>\n&#8211; Erl\u00e4uterung der gew\u00e4hlten Abdeckung.<br \/>\n&#8211; Erkl\u00e4rung des gew\u00e4hlten Weins (DO).<br \/>\nEine Tour voller Sinnes- und Geschmackserlebnisse, die nicht unbemerkt bleiben und eine unvergessliche Erinnerung hinterlassen.[\/vc_column_text][\/vc_column_inner][vc_column_inner width=&#8220;1\/2&#8243;][vc_single_image image=&#8220;2158&#8243; img_size=&#8220;large&#8220; alignment=&#8220;center&#8220; style=&#8220;vc_box_rounded&#8220; onclick=&#8220;link_image&#8220; el_class=&#8220;tuk-inicio&#8220;][\/vc_column_inner][\/vc_row_inner][\/vc_column][\/vc_row][vc_row css=&#8220;.vc_custom_1591691460807{padding-top: 80px !important;padding-bottom: 80px !important;}&#8220;][vc_column]\n<div class=\"atgrid\">\n\t<div class=\"title title--big title--center title--decoration-bottom-center\">\n\t\t\t<div class=\"title__subtitle\">Eine andere M\u00f6glichkeit, Madrid kennenzulernen<\/div>\n\t\t<h3 class=\"title__primary\">Unsere Touren<\/h3>\n<\/div>\n\t<div class=\"row atgrid__row\">\n\t\t\t\t\t<div class=\"col-md-4 col-xs-6 atgrid__item-wrap\">\n\t\t\t<div class=\"atgrid__item\">\n\t\t\t\t<div class=\"atgrid__item__top\">\n\t\t\t\t\t<a href=\"https:\/\/www.tuktuktapas.com\/de\/tours\/tour-de-luces-de-navidad-120min\/\" class=\"atgrid__item__top__image\"><img loading=\"lazy\" decoding=\"async\" width=\"360\" height=\"240\" src=\"https:\/\/www.tuktuktapas.com\/wp-content\/uploads\/2025\/11\/Imagen-de-WhatsApp-2025-11-21-a-las-12.03.14_06ba2bde-360x240.jpg\" class=\"attachment-thumb_tour_listing_small size-thumb_tour_listing_small wp-post-image\" alt=\"\" srcset=\"https:\/\/www.tuktuktapas.com\/wp-content\/uploads\/2025\/11\/Imagen-de-WhatsApp-2025-11-21-a-las-12.03.14_06ba2bde-360x240.jpg 360w, https:\/\/www.tuktuktapas.com\/wp-content\/uploads\/2025\/11\/Imagen-de-WhatsApp-2025-11-21-a-las-12.03.14_06ba2bde-531x354.jpg 531w, https:\/\/www.tuktuktapas.com\/wp-content\/uploads\/2025\/11\/Imagen-de-WhatsApp-2025-11-21-a-las-12.03.14_06ba2bde-180x120.jpg 180w, https:\/\/www.tuktuktapas.com\/wp-content\/uploads\/2025\/11\/Imagen-de-WhatsApp-2025-11-21-a-las-12.03.14_06ba2bde-270x180.jpg 270w\" sizes=\"auto, (max-width: 360px) 100vw, 360px\" \/><\/a>\t\t\t\t\t<div class=\"atgrid__item__price\"><a href=\"https:\/\/www.tuktuktapas.com\/de\/tours\/tour-de-luces-de-navidad-120min\/\" class=\"atgrid__item__price__button\"><span class=\"woocommerce-Price-amount amount\"><bdi>139,00<span class=\"woocommerce-Price-currencySymbol\">&euro;<\/span><\/bdi><\/span><\/a><\/div>\t\t\t\t\t\t\t\t\t\t\t\t\t\t<\/div>\n\t\t\t\t<div class=\"atgrid__item__content\">\n\t\t\t\t\t<h3 class=\"atgrid__item__title\"><a href=\"https:\/\/www.tuktuktapas.com\/de\/tours\/tour-de-luces-de-navidad-120min\/\">Tour de luces de navidad 120min<\/a><\/h3>\n\t\t\t\t\t\t\t\t\t<div class=\"atgrid__item__description\">Tour de\u00a0 Luces de Navidad &nbsp;<\/div>\n\t\t\t\t\t\t\t\t<\/div>\n\t\t\t\t<div class=\"item-attributes\">\n\t\t\t\t\t\t\t\t\t\t<div class=\"item-attributes__item\"><a href=\"https:\/\/www.tuktuktapas.com\/de\/tours\/tour-de-luces-de-navidad-120min\/\" class=\"item-attributes__link\"><i class=\"fa fa-long-arrow-right\"><\/i><\/a><\/div>\n\t\t\t\t<\/div>\n\t\t\t<\/div>\n\t\t<\/div>\n\t\t\t\t\t<div class=\"col-md-4 col-xs-6 atgrid__item-wrap\">\n\t\t\t<div class=\"atgrid__item\">\n\t\t\t\t<div class=\"atgrid__item__top\">\n\t\t\t\t\t<a href=\"https:\/\/www.tuktuktapas.com\/de\/tours\/touristentour-madrid-zentrum-120-minuten\/\" class=\"atgrid__item__top__image\"><img loading=\"lazy\" decoding=\"async\" width=\"360\" height=\"240\" src=\"https:\/\/www.tuktuktapas.com\/wp-content\/uploads\/2024\/08\/IMG-20240902-WA0014-360x240.jpg\" class=\"attachment-thumb_tour_listing_small size-thumb_tour_listing_small wp-post-image\" alt=\"\" srcset=\"https:\/\/www.tuktuktapas.com\/wp-content\/uploads\/2024\/08\/IMG-20240902-WA0014-360x240.jpg 360w, https:\/\/www.tuktuktapas.com\/wp-content\/uploads\/2024\/08\/IMG-20240902-WA0014-531x354.jpg 531w, https:\/\/www.tuktuktapas.com\/wp-content\/uploads\/2024\/08\/IMG-20240902-WA0014-180x120.jpg 180w, https:\/\/www.tuktuktapas.com\/wp-content\/uploads\/2024\/08\/IMG-20240902-WA0014-270x180.jpg 270w\" sizes=\"auto, (max-width: 360px) 100vw, 360px\" \/><\/a>\t\t\t\t\t<div class=\"atgrid__item__angle-wrap\"><div class=\"atgrid__item__angle\" style=\"background-color:#c2000b\">Nuevo Tour<\/div><\/div><div class=\"atgrid__item__price\"><a href=\"https:\/\/www.tuktuktapas.com\/de\/tours\/touristentour-madrid-zentrum-120-minuten\/\" class=\"atgrid__item__price__button\"><span class=\"woocommerce-Price-amount amount\"><bdi>139,00<span class=\"woocommerce-Price-currencySymbol\">&euro;<\/span><\/bdi><\/span><\/a><\/div>\t\t\t\t\t\t\t\t\t\t\t\t\t\t<\/div>\n\t\t\t\t<div class=\"atgrid__item__content\">\n\t\t\t\t\t<h3 class=\"atgrid__item__title\"><a href=\"https:\/\/www.tuktuktapas.com\/de\/tours\/touristentour-madrid-zentrum-120-minuten\/\">Zentral-Madrid Stadttour - 120 Minuten<\/a><\/h3>\n\t\t\t\t\t\t\t\t\t<div class=\"atgrid__item__description\">60-min\u00fctige Sightseeing-Tour durch das Zentrum von Madrid<\/div>\n\t\t\t\t\t\t\t\t<\/div>\n\t\t\t\t<div class=\"item-attributes\">\n\t\t\t\t\t<div class=\"item-attributes__item\"><div class=\"item-attributes__item__content\"><div class=\"item-attributes__item__content__item\"><i class=\"td-alarm-clock\"><\/i><\/div><div class=\"item-attributes__item__content__item item-attributes__item__content__item--text\"><span><\/span><\/div><\/div><\/div><div class=\"item-attributes__item\"><div class=\"item-attributes__item__content\"><div class=\"item-attributes__item__content__item\"><i class=\"td-price-tag\"><\/i><\/div><div class=\"item-attributes__item__content__item item-attributes__item__content__item--text\"><span><\/span><\/div><\/div><\/div>\t\t\t\t\t<div class=\"item-attributes__item\"><a href=\"https:\/\/www.tuktuktapas.com\/de\/tours\/touristentour-madrid-zentrum-120-minuten\/\" class=\"item-attributes__link\"><i class=\"fa fa-long-arrow-right\"><\/i><\/a><\/div>\n\t\t\t\t<\/div>\n\t\t\t<\/div>\n\t\t<\/div>\n\t\t\t<div class=\"atgrid__row-separator clearfix visible-sm visible-xs\"><\/div>\t\t<div class=\"col-md-4 col-xs-6 atgrid__item-wrap\">\n\t\t\t<div class=\"atgrid__item\">\n\t\t\t\t<div class=\"atgrid__item__top\">\n\t\t\t\t\t<a href=\"https:\/\/www.tuktuktapas.com\/de\/tours\/tourist-tour-madrid-zentral-60min\/\" class=\"atgrid__item__top__image\"><img loading=\"lazy\" decoding=\"async\" width=\"360\" height=\"240\" src=\"https:\/\/www.tuktuktapas.com\/wp-content\/uploads\/2024\/08\/IMG_1707-360x240.jpeg\" class=\"attachment-thumb_tour_listing_small size-thumb_tour_listing_small wp-post-image\" alt=\"\" \/><\/a>\t\t\t\t\t<div class=\"atgrid__item__price\"><a href=\"https:\/\/www.tuktuktapas.com\/de\/tours\/tourist-tour-madrid-zentral-60min\/\" class=\"atgrid__item__price__button\"><span class=\"woocommerce-Price-amount amount\"><bdi>79,00<span class=\"woocommerce-Price-currencySymbol\">&euro;<\/span><\/bdi><\/span><\/a><\/div>\t\t\t\t\t\t\t\t\t\t\t\t\t\t<\/div>\n\t\t\t\t<div class=\"atgrid__item__content\">\n\t\t\t\t\t<h3 class=\"atgrid__item__title\"><a href=\"https:\/\/www.tuktuktapas.com\/de\/tours\/tourist-tour-madrid-zentral-60min\/\">Touristentour Madrid Zentrum 60min<\/a><\/h3>\n\t\t\t\t\t\t\t\t\t<div class=\"atgrid__item__description\">60-min\u00fctige Sightseeing-Tour durch das Zentrum von Madrid<\/div>\n\t\t\t\t\t\t\t\t<\/div>\n\t\t\t\t<div class=\"item-attributes\">\n\t\t\t\t\t<div class=\"item-attributes__item\"><div class=\"item-attributes__item__content\"><div class=\"item-attributes__item__content__item\"><i class=\"td-alarm-clock\"><\/i><\/div><div class=\"item-attributes__item__content__item item-attributes__item__content__item--text\"><span>60 Minuten<\/span><\/div><\/div><\/div><div class=\"item-attributes__item\"><div class=\"item-attributes__item__content\"><div class=\"item-attributes__item__content__item\"><i class=\"td-price-tag\"><\/i><\/div><div class=\"item-attributes__item__content__item item-attributes__item__content__item--text\"><span><\/span><\/div><\/div><\/div>\t\t\t\t\t<div class=\"item-attributes__item\"><a href=\"https:\/\/www.tuktuktapas.com\/de\/tours\/tourist-tour-madrid-zentral-60min\/\" class=\"item-attributes__link\"><i class=\"fa fa-long-arrow-right\"><\/i><\/a><\/div>\n\t\t\t\t<\/div>\n\t\t\t<\/div>\n\t\t<\/div>\n\t\t\t<div class=\"atgrid__row-separator clearfix hidden-sm hidden-xs\"><\/div>\t\t<div class=\"col-md-4 col-xs-6 atgrid__item-wrap\">\n\t\t\t<div class=\"atgrid__item\">\n\t\t\t\t<div class=\"atgrid__item__top\">\n\t\t\t\t\t<a href=\"https:\/\/www.tuktuktapas.com\/de\/tours\/emblematische-und-alte-raumlichkeiten\/\" class=\"atgrid__item__top__image\"><img loading=\"lazy\" decoding=\"async\" width=\"360\" height=\"240\" src=\"https:\/\/www.tuktuktapas.com\/wp-content\/uploads\/2022\/01\/WhatsApp-Image-2024-06-28-at-16.54.19-1-360x240.jpeg\" class=\"attachment-thumb_tour_listing_small size-thumb_tour_listing_small wp-post-image\" alt=\"\" srcset=\"https:\/\/www.tuktuktapas.com\/wp-content\/uploads\/2022\/01\/WhatsApp-Image-2024-06-28-at-16.54.19-1-360x240.jpeg 360w, https:\/\/www.tuktuktapas.com\/wp-content\/uploads\/2022\/01\/WhatsApp-Image-2024-06-28-at-16.54.19-1-531x354.jpeg 531w, https:\/\/www.tuktuktapas.com\/wp-content\/uploads\/2022\/01\/WhatsApp-Image-2024-06-28-at-16.54.19-1-180x120.jpeg 180w\" sizes=\"auto, (max-width: 360px) 100vw, 360px\" \/><\/a>\t\t\t\t\t<div class=\"atgrid__item__price\"><a href=\"https:\/\/www.tuktuktapas.com\/de\/tours\/emblematische-und-alte-raumlichkeiten\/\" class=\"atgrid__item__price__button\"><span class=\"woocommerce-Price-amount amount\"><bdi>119,00<span class=\"woocommerce-Price-currencySymbol\">&euro;<\/span><\/bdi><\/span><\/a><\/div>\t\t\t\t\t\t\t\t\t\t\t\t\t\t<\/div>\n\t\t\t\t<div class=\"atgrid__item__content\">\n\t\t\t\t\t<h3 class=\"atgrid__item__title\"><a href=\"https:\/\/www.tuktuktapas.com\/de\/tours\/emblematische-und-alte-raumlichkeiten\/\">Touristentour Madrid Zentrum 90min<\/a><\/h3>\n\t\t\t\t\t\t\t\t\t<div class=\"atgrid__item__description\">90-min\u00fctige Sightseeing-Tour durch das Zentrum von Madrid<\/div>\n\t\t\t\t\t\t\t\t<\/div>\n\t\t\t\t<div class=\"item-attributes\">\n\t\t\t\t\t<div class=\"item-attributes__item\"><div class=\"item-attributes__item__content\"><div class=\"item-attributes__item__content__item\"><i class=\"td-alarm-clock\"><\/i><\/div><div class=\"item-attributes__item__content__item item-attributes__item__content__item--text\"><span><\/span><\/div><\/div><\/div><div class=\"item-attributes__item\"><div class=\"item-attributes__item__content\"><div class=\"item-attributes__item__content__item\"><i class=\"td-price-tag\"><\/i><\/div><div class=\"item-attributes__item__content__item item-attributes__item__content__item--text\"><span><\/span><\/div><\/div><\/div>\t\t\t\t\t<div class=\"item-attributes__item\"><a href=\"https:\/\/www.tuktuktapas.com\/de\/tours\/emblematische-und-alte-raumlichkeiten\/\" class=\"item-attributes__link\"><i class=\"fa fa-long-arrow-right\"><\/i><\/a><\/div>\n\t\t\t\t<\/div>\n\t\t\t<\/div>\n\t\t<\/div>\n\t\t\t<\/div>\n<\/div>\n[\/vc_column][\/vc_row][vc_row full_width=&#8220;stretch_row&#8220; disable_element=&#8220;yes&#8220; css=&#8220;.vc_custom_1637058328116{padding-top: 80px !important;padding-bottom: 80px !important;background-image: url(https:\/\/tuktuktapas.com\/wp-content\/uploads\/2020\/06\/fondo-logos.jpg?id=1363) !important;}&#8220;][vc_column][vc_carousel_father theme=&#8220;content-over-slider&#8220; slide_visible=&#8220;4&#8243; tabs=&#8220;3&#8243; spaces=&#8220;10px&#8220; dotclr=&#8220;#ffffff&#8220;][vc_carousel_son image_id=&#8220;1374&#8243; img_width=&#8220;200px&#8220;][\/vc_carousel_son][vc_carousel_son image_id=&#8220;1373&#8243; img_width=&#8220;250px&#8220;][\/vc_carousel_son][vc_carousel_son image_id=&#8220;1372&#8243; img_width=&#8220;150px&#8220;][\/vc_carousel_son][vc_carousel_son image_id=&#8220;1374&#8243; img_width=&#8220;200px&#8220;][\/vc_carousel_son][vc_carousel_son image_id=&#8220;1373&#8243; img_width=&#8220;250px&#8220;][\/vc_carousel_son][vc_carousel_son image_id=&#8220;1372&#8243; img_width=&#8220;150px&#8220;][\/vc_carousel_son][\/vc_carousel_father][\/vc_column][\/vc_row][vc_row full_width=&#8220;stretch_row&#8220; css=&#8220;.vc_custom_1637058340364{padding-top: 200px !important;padding-bottom: 200px !important;background-image: url(https:\/\/tuktuktapas.com\/wp-content\/uploads\/2020\/06\/fondo-logos.jpg?id=1363) !important;}&#8220;][vc_column][\/vc_column][\/vc_row][vc_row full_width=&#8220;stretch_row&#8220; gap=&#8220;20&#8243; css=&#8220;.vc_custom_1591779170306{padding-top: 50px !important;padding-bottom: 50px !important;background-color: #ffffff !important;}&#8220;][vc_column][vc_separator color=&#8220;custom&#8220; align=&#8220;align_left&#8220; border_width=&#8220;5&#8243; el_width=&#8220;10&#8243; accent_color=&#8220;#c2000b&#8220; el_class=&#8220;barra&#8220;][vc_column_text el_class=&#8220;title-inicio&#8220;]<\/p>\n<h3>Gastronomische Routen<\/h3>\n<h2>WARUM TUK TUK TAPAS MACHEN<\/h2>\n<p>[\/vc_column_text][vc_row_inner][vc_column_inner width=&#8220;1\/2&#8243;][vc_column_text el_class=&#8220;title-inicio&#8220;]Alle St\u00e4dte haben ihre touristischen Orte und wenn wir es wissen wollen, gehen wir immer zu den typischen Orten ihrer Geschichte wie Museen, Kirchen usw. Es gibt jedoch auch eine andere M\u00f6glichkeit, die Stadt, die realen Menschen, durch ihre Gastronomie in den verschiedenen Stadtvierteln kennenzulernen. Um in ein Land zu kommen und seine Br\u00e4uche zu kennen, in denen die Menschen wirklich die typischen Gerichte des Ortes essen, sind sie einzigartige, einzigartige Orte, an denen sie Sie nicht gleichg\u00fcltig lassen, damit sie Sie \u00fcberraschen und wenn Sie zur\u00fcckkehren Ihr Land sagt &#8230; &#8220; Ich kenne die Menschen, ich kenne ihre Br\u00e4uche, ich kenne ihren kulinarischen und gastronomischen Geschmack \u201czusammen mit ihrer Kulturgeschichte.[\/vc_column_text][\/vc_column_inner][vc_column_inner width=&#8220;1\/2&#8243;][vc_column_text]Tuk-Tuk entstand aus dem Bed\u00fcrfnis heraus, die Menschen und ihre Gastronomie kennenzulernen, das Herz der Stadt, den Alltag, ihre lokalen Produkte, seine Weine kennenzulernen (zu erkl\u00e4ren, was wir essen und was wir trinken und warum wir dieses Produkt und trinken).<\/p>\n<p>Eine andere Art, die Stadt Madrid kennenzulernen, ihre Menschen, ihre Br\u00e4uche kennenzulernen, zu wissen, was wir wirklich essen, wie wir<br \/>\nWir haben Spa\u00df in unseren Bars, Caf\u00e9s, Tavernen und Restaurants.[\/vc_column_text][\/vc_column_inner][\/vc_row_inner][\/vc_column][\/vc_row][vc_row gap=&#8220;20&#8243; css=&#8220;.vc_custom_1591776240242{padding-top: 50px !important;padding-bottom: 20px !important;}&#8220;][vc_column width=&#8220;1\/2&#8243;][vc_single_image image=&#8220;1795&#8243; img_size=&#8220;large&#8220; alignment=&#8220;center&#8220; style=&#8220;vc_box_rounded&#8220; css=&#8220;.vc_custom_1591775954564{border-radius: 5px !important;}&#8220; el_class=&#8220;tuk-inicio&#8220;][\/vc_column][vc_column width=&#8220;1\/2&#8243;][vc_separator color=&#8220;custom&#8220; align=&#8220;align_left&#8220; border_width=&#8220;5&#8243; el_width=&#8220;10&#8243; accent_color=&#8220;#c2000b&#8220; el_class=&#8220;barra&#8220;][vc_column_text el_class=&#8220;title-inicio&#8220;]<\/p>\n<h2>BEWERTUNGEN<\/h2>\n<p>[\/vc_column_text][\/vc_column][\/vc_row]<\/p>\n<\/section>","protected":false},"excerpt":{"rendered":"<p>[vc_row full_width=&#8220;stretch_row&#8220; gap=&#8220;20&#8243;][vc_column][vc_separator color=&#8220;custom&#8220; align=&#8220;align_left&#8220; border_width=&#8220;5&#8243; el_width=&#8220;10&#8243; accent_color=&#8220;#c2000b&#8220; el_class=&#8220;barra&#8220;][vc_column_text el_class=&#8220;title-inicio&#8220;] Tuk Tuk Tapas Madrid WAS BIETEN WIR IHNEN? [\/vc_column_text][vc_row_inner][vc_column_inner width=&#8220;1\/2&#8243;][vc_column_text el_class=&#8220;title-inicio&#8220;]Bei all unseren Touren suchen wir nach einzigartigen und typischen Orten in den verschiedenen und weiten Stadtteilen der Stadt Madrid, wo wir Ihnen zeigen, welche Produkte Sie probieren sollen, und Ihnen erkl\u00e4ren, welches Produkt Sie<\/p>\n<div class=\"padding-top text-center\"><a href=\"https:\/\/www.tuktuktapas.com\/de\/tours\/emblematische-und-alte-raumlichkeiten\/\" class=\"atbtn atbtn--medium atbtn--rounded atbtn--transparent\">Read more<i class=\"atbtn__icon atbtn__icon--right fa fa-long-arrow-right\"><\/i><\/a><\/div>\n","protected":false},"author":1,"featured_media":0,"parent":0,"menu_order":0,"comment_status":"closed","ping_status":"closed","template":"","meta":{"_joinchat":[],"footnotes":""},"class_list":["post-1791","page","type-page","status-publish","hentry"],"yoast_head":"<!-- This site is optimized with the Yoast SEO plugin v23.7 - https:\/\/yoast.com\/wordpress\/plugins\/seo\/ -->\n<title>Home - Tuk Tuk Tapas<\/title>\n<meta name=\"robots\" content=\"index, follow, max-snippet:-1, max-image-preview:large, max-video-preview:-1\" \/>\n<link rel=\"canonical\" href=\"https:\/\/www.tuktuktapas.com\/de\/\" \/>\n<meta property=\"og:locale\" content=\"de_DE\" \/>\n<meta property=\"og:type\" content=\"article\" \/>\n<meta property=\"og:title\" content=\"Home - Tuk Tuk Tapas\" \/>\n<meta property=\"og:description\" content=\"[vc_row full_width=&#8220;stretch_row&#8220; gap=&#8220;20&#8243;][vc_column][vc_separator color=&#8220;custom&#8220; align=&#8220;align_left&#8220; border_width=&#8220;5&#8243; el_width=&#8220;10&#8243; accent_color=&#8220;#c2000b&#8220; el_class=&#8220;barra&#8220;][vc_column_text el_class=&#8220;title-inicio&#8220;] Tuk Tuk Tapas Madrid WAS BIETEN WIR IHNEN? [\/vc_column_text][vc_row_inner][vc_column_inner width=&#8220;1\/2&#8243;][vc_column_text el_class=&#8220;title-inicio&#8220;]Bei all unseren Touren suchen wir nach einzigartigen und typischen Orten in den verschiedenen und weiten Stadtteilen der Stadt Madrid, wo wir Ihnen zeigen, welche Produkte Sie probieren sollen, und Ihnen erkl\u00e4ren, welches Produkt SieRead more\" \/>\n<meta property=\"og:url\" content=\"https:\/\/www.tuktuktapas.com\/de\/\" \/>\n<meta property=\"og:site_name\" content=\"Tuk Tuk Tapas\" \/>\n<meta property=\"article:modified_time\" content=\"2022-02-21T16:02:42+00:00\" \/>\n<meta name=\"twitter:card\" content=\"summary_large_image\" \/>\n<meta name=\"twitter:label1\" content=\"Gesch\u00e4tzte Lesezeit\" \/>\n\t<meta name=\"twitter:data1\" content=\"2\u00a0Minuten\" \/>\n<script type=\"application\/ld+json\" class=\"yoast-schema-graph\">{\"@context\":\"https:\/\/schema.org\",\"@graph\":[{\"@type\":\"WebPage\",\"@id\":\"https:\/\/www.tuktuktapas.com\/de\/\",\"url\":\"https:\/\/www.tuktuktapas.com\/de\/\",\"name\":\"Home - Tuk Tuk Tapas\",\"isPartOf\":{\"@id\":\"https:\/\/www.tuktuktapas.com\/#website\"},\"datePublished\":\"2021-04-20T09:57:20+00:00\",\"dateModified\":\"2022-02-21T16:02:42+00:00\",\"breadcrumb\":{\"@id\":\"https:\/\/www.tuktuktapas.com\/de\/#breadcrumb\"},\"inLanguage\":\"de\",\"potentialAction\":[{\"@type\":\"ReadAction\",\"target\":[\"https:\/\/www.tuktuktapas.com\/de\/\"]}]},{\"@type\":\"BreadcrumbList\",\"@id\":\"https:\/\/www.tuktuktapas.com\/de\/#breadcrumb\",\"itemListElement\":[{\"@type\":\"ListItem\",\"position\":1,\"name\":\"Portada\",\"item\":\"https:\/\/www.tuktuktapas.com\/de\/\"},{\"@type\":\"ListItem\",\"position\":2,\"name\":\"Home\"}]},{\"@type\":\"WebSite\",\"@id\":\"https:\/\/www.tuktuktapas.com\/#website\",\"url\":\"https:\/\/www.tuktuktapas.com\/\",\"name\":\"Tuk Tuk Tapas\",\"description\":\"Otra forma de conocer Madrid\",\"potentialAction\":[{\"@type\":\"SearchAction\",\"target\":{\"@type\":\"EntryPoint\",\"urlTemplate\":\"https:\/\/www.tuktuktapas.com\/?s={search_term_string}\"},\"query-input\":{\"@type\":\"PropertyValueSpecification\",\"valueRequired\":true,\"valueName\":\"search_term_string\"}}],\"inLanguage\":\"de\"}]}<\/script>\n<!-- \/ Yoast SEO plugin. -->","yoast_head_json":{"title":"Home - Tuk Tuk Tapas","robots":{"index":"index","follow":"follow","max-snippet":"max-snippet:-1","max-image-preview":"max-image-preview:large","max-video-preview":"max-video-preview:-1"},"canonical":"https:\/\/www.tuktuktapas.com\/de\/","og_locale":"de_DE","og_type":"article","og_title":"Home - Tuk Tuk Tapas","og_description":"[vc_row full_width=&#8220;stretch_row&#8220; gap=&#8220;20&#8243;][vc_column][vc_separator color=&#8220;custom&#8220; align=&#8220;align_left&#8220; border_width=&#8220;5&#8243; el_width=&#8220;10&#8243; accent_color=&#8220;#c2000b&#8220; el_class=&#8220;barra&#8220;][vc_column_text el_class=&#8220;title-inicio&#8220;] Tuk Tuk Tapas Madrid WAS BIETEN WIR IHNEN? [\/vc_column_text][vc_row_inner][vc_column_inner width=&#8220;1\/2&#8243;][vc_column_text el_class=&#8220;title-inicio&#8220;]Bei all unseren Touren suchen wir nach einzigartigen und typischen Orten in den verschiedenen und weiten Stadtteilen der Stadt Madrid, wo wir Ihnen zeigen, welche Produkte Sie probieren sollen, und Ihnen erkl\u00e4ren, welches Produkt SieRead more","og_url":"https:\/\/www.tuktuktapas.com\/de\/","og_site_name":"Tuk Tuk Tapas","article_modified_time":"2022-02-21T16:02:42+00:00","twitter_card":"summary_large_image","twitter_misc":{"Gesch\u00e4tzte Lesezeit":"2\u00a0Minuten"},"schema":{"@context":"https:\/\/schema.org","@graph":[{"@type":"WebPage","@id":"https:\/\/www.tuktuktapas.com\/de\/","url":"https:\/\/www.tuktuktapas.com\/de\/","name":"Home - Tuk Tuk Tapas","isPartOf":{"@id":"https:\/\/www.tuktuktapas.com\/#website"},"datePublished":"2021-04-20T09:57:20+00:00","dateModified":"2022-02-21T16:02:42+00:00","breadcrumb":{"@id":"https:\/\/www.tuktuktapas.com\/de\/#breadcrumb"},"inLanguage":"de","potentialAction":[{"@type":"ReadAction","target":["https:\/\/www.tuktuktapas.com\/de\/"]}]},{"@type":"BreadcrumbList","@id":"https:\/\/www.tuktuktapas.com\/de\/#breadcrumb","itemListElement":[{"@type":"ListItem","position":1,"name":"Portada","item":"https:\/\/www.tuktuktapas.com\/de\/"},{"@type":"ListItem","position":2,"name":"Home"}]},{"@type":"WebSite","@id":"https:\/\/www.tuktuktapas.com\/#website","url":"https:\/\/www.tuktuktapas.com\/","name":"Tuk Tuk Tapas","description":"Otra forma de conocer Madrid","potentialAction":[{"@type":"SearchAction","target":{"@type":"EntryPoint","urlTemplate":"https:\/\/www.tuktuktapas.com\/?s={search_term_string}"},"query-input":{"@type":"PropertyValueSpecification","valueRequired":true,"valueName":"search_term_string"}}],"inLanguage":"de"}]}},"_links":{"self":[{"href":"https:\/\/www.tuktuktapas.com\/de\/wp-json\/wp\/v2\/pages\/1791","targetHints":{"allow":["GET"]}}],"collection":[{"href":"https:\/\/www.tuktuktapas.com\/de\/wp-json\/wp\/v2\/pages"}],"about":[{"href":"https:\/\/www.tuktuktapas.com\/de\/wp-json\/wp\/v2\/types\/page"}],"author":[{"embeddable":true,"href":"https:\/\/www.tuktuktapas.com\/de\/wp-json\/wp\/v2\/users\/1"}],"replies":[{"embeddable":true,"href":"https:\/\/www.tuktuktapas.com\/de\/wp-json\/wp\/v2\/comments?post=1791"}],"version-history":[{"count":15,"href":"https:\/\/www.tuktuktapas.com\/de\/wp-json\/wp\/v2\/pages\/1791\/revisions"}],"predecessor-version":[{"id":2411,"href":"https:\/\/www.tuktuktapas.com\/de\/wp-json\/wp\/v2\/pages\/1791\/revisions\/2411"}],"wp:attachment":[{"href":"https:\/\/www.tuktuktapas.com\/de\/wp-json\/wp\/v2\/media?parent=1791"}],"curies":[{"name":"wp","href":"https:\/\/api.w.org\/{rel}","templated":true}]}}