{"id":1668,"date":"2021-04-20T09:18:11","date_gmt":"2021-04-20T09:18:11","guid":{"rendered":"http:\/\/test.tuktuktapas.com\/kaufbedingungen\/"},"modified":"2021-04-20T09:18:16","modified_gmt":"2021-04-20T09:18:16","slug":"kaufbedingungen","status":"publish","type":"page","link":"https:\/\/www.tuktuktapas.com\/de\/kaufbedingungen\/","title":{"rendered":"Kaufbedingungen"},"content":{"rendered":"<section class=\"wpb-content-wrapper\"><p>[vc_row][vc_column][vc_column_text]<span style=\"font-weight: 400;\">Nachfolgend finden Sie die allgemeinen Nutzungsbedingungen f\u00fcr den von der Firma TUK TUK TAPAS angebotenen elektrischen Tuktuk-Service. Dieser Service ist f\u00fcr jedes Alter geeignet. Minderj\u00e4hrige Benutzer m\u00fcssen von ihrem Vater \/ ihrer Mutter oder ihrem Vormund begleitet werden.<\/span>[\/vc_column_text][vc_tta_accordion][vc_tta_section i_position=&#8220;right&#8220; i_icon_fontawesome=&#8220;fa fa-chevron-down&#8220; add_icon=&#8220;true&#8220; title=&#8220;PREIS-, DAUER- UND ZAHLUNGSPOLITIK&#8220; tab_id=&#8220;1594210574654-3a7ed3e4-b764&#8243;][vc_column_text]<\/p>\n<ul>\n<li style=\"font-weight: 400;\"><span style=\"font-weight: 400;\">Der Preis und die Dauer des Dienstes spiegeln sich in den Web-Tarifen zum Zeitpunkt des Vertragsabschlusses wider und werden auf der Grundlage des geltenden allgemeinen Tarifs (in Bezug auf Dienste, Steuern und Geb\u00fchren) festgelegt.<\/span><\/li>\n<\/ul>\n<ul>\n<li style=\"font-weight: 400;\"><span style=\"font-weight: 400;\">Die blo\u00dfe Reservierung des Dienstes gilt nicht als berechtigt, den Dienst zu nutzen. Die Dienstleistung gilt als vertraglich vereinbart, sobald der Kunde die Zahlung mit einem der ihm zur Verf\u00fcgung gestellten Mittel geleistet hat.<\/span><\/li>\n<\/ul>\n<ul>\n<li style=\"font-weight: 400;\"><span style=\"font-weight: 400;\">Der Kunde verpflichtet sich, bereit zu sein, den Dienst zum geplanten Zeitpunkt und an dem vereinbarten Ort zu starten. Im Falle einer Verz\u00f6gerung wird die vertraglich vereinbarte Aktivit\u00e4t in Abh\u00e4ngigkeit von der verlorenen Zeit reduziert, was zu einer \u00c4nderung der festgelegten Route und Dauer f\u00fchren kann des vertraglich vereinbarten Dienstes. Die Aktivit\u00e4t gilt als abgebrochen, wenn die Verz\u00f6gerung mehr als 20% der Gesamtdauer des vertraglich vereinbarten Dienstes betr\u00e4gt und in diesem Fall keine R\u00fcckerstattung des gezahlten Betrags erfolgt.<\/span><\/li>\n<\/ul>\n<ul>\n<li style=\"font-weight: 400;\"><span style=\"font-weight: 400;\">Der Beginn oder das Ende des Dienstes an einem anderen als dem normalerweise festgelegten Ort muss zuvor zwischen dem Kunden und TUK vereinbart worden sein. TUK TAPAS erhebt eine zus\u00e4tzliche Geb\u00fchr auf den Standard-Service-Tarif.<\/span><\/li>\n<\/ul>\n<ul>\n<li style=\"font-weight: 400;\"><span style=\"font-weight: 400;\">Der Kunde verpflichtet sich, den Betrag zu zahlen, der den Geldbu\u00dfen oder Strafen entspricht, die sich aus Verst\u00f6\u00dfen gegen geltendes Recht ergeben, die aufgrund von Missbrauch oder Fehlverhalten w\u00e4hrend des Dienstes entstehen k\u00f6nnen, sowie die entsprechenden Zuschl\u00e4ge f\u00fcr versp\u00e4tete Zahlung durch den Kunden und das Gericht oder au\u00dfergerichtliche Kosten, die TUK TUK TAPAS m\u00f6glicherweise aufgrund des Vorstehenden entstanden sind.<\/span><\/li>\n<\/ul>\n<ul>\n<li style=\"font-weight: 400;\"><span style=\"font-weight: 400;\">Bei direkter Zahlung an den Fahrer des Fahrzeugs werden Barzahlungen nicht akzeptiert, sondern nur Zahlungen per Kreditkarte \u00fcber den POS im Fahrzeug, die den Kunden zur Verf\u00fcgung stehen.<\/span><\/li>\n<\/ul>\n<p>[\/vc_column_text][\/vc_tta_section][vc_tta_section i_position=&#8220;right&#8220; i_icon_fontawesome=&#8220;fa fa-chevron-down&#8220; add_icon=&#8220;true&#8220; title=&#8220;STORNIERUNG UND R\u00dcCKGABE&#8220; tab_id=&#8220;1594210574670-2449aebf-4661&#8243;][vc_column_text]<\/p>\n<ul>\n<li style=\"font-weight: 400;\"><span style=\"font-weight: 400;\">Wenn die K\u00fcndigung des vertraglich vereinbarten Dienstes mit einer Frist von mehr als 24 Stunden erfolgt, werden 100% des gezahlten Betrags zur\u00fcckerstattet. Stornierungen sind nicht mit einer Frist von weniger als 24 Stunden zul\u00e4ssig. Wenn die Stornierung der Reservierung ohne vorherige Ank\u00fcndigung erfolgt, TUK TUK TAPAS. wird keine R\u00fcckgabe machen.<\/span><\/li>\n<\/ul>\n<ul>\n<li style=\"font-weight: 400;\"><span style=\"font-weight: 400;\">F\u00fcr den Fall, dass Wetterbedingungen oder andere au\u00dfergew\u00f6hnliche Bedingungen (Stra\u00dfensperrung aufgrund von Demonstrationen, Sperrung des Stra\u00dfenverkehrs usw.) die Erbringung der Dienstleistung vollst\u00e4ndig verhindern, wird der gezahlte Betrag nicht zur\u00fcckerstattet, sodass die M\u00f6glichkeit einer \u00c4nderung ohne zus\u00e4tzliche Bedingungen besteht Geb\u00fchr., der Dienst f\u00fcr ein anderes verf\u00fcgbares Datum und Zeitfenster vertraglich vereinbart. <\/span><\/li>\n<\/ul>\n<p>[\/vc_column_text][\/vc_tta_section][vc_tta_section i_position=&#8220;right&#8220; i_icon_fontawesome=&#8220;fa fa-chevron-down&#8220; add_icon=&#8220;true&#8220; title=&#8220;VERHALTENSHANDBUCH&#8220; tab_id=&#8220;1594210813070-63892140-1293&#8243;][vc_column_text]<span style=\"font-weight: 400;\">Serviceunternehmer werden dar\u00fcber informiert, dass sich der Fahrzeugf\u00fchrer das Recht vorbeh\u00e4lt, die Aktivit\u00e4t nicht zu starten \/ zu beenden, falls eines der unten aufgef\u00fchrten Verhaltensweisen verletzt oder verletzt wird:<\/span><\/p>\n<ul>\n<li style=\"font-weight: 400;\"><span style=\"font-weight: 400;\">Der Kunde verpflichtet sich, den Platz im Fahrzeug sowie die \u00fcbrigen Komponenten verantwortungsvoll zu nutzen und die Vorschriften der Stra\u00dfenverkehrsordnung einzuhalten.<\/span><\/li>\n<\/ul>\n<ul>\n<li style=\"font-weight: 400;\"><span style=\"font-weight: 400;\">Es ist verboten, den jedem Teilnehmer zu Beginn der Aktivit\u00e4t zugewiesenen Sitzplatz zu \u00e4ndern und w\u00e4hrend der Aktivit\u00e4t aus dem Fahrzeug auszusteigen, sofern der Fahrer nichts anderes anweist.<\/span><\/li>\n<\/ul>\n<ul>\n<li style=\"font-weight: 400;\"><span style=\"font-weight: 400;\">Das Aufstehen oder Ausf\u00fchren von Bewegungen, die den normalen Betrieb des Fahrzeugs beeintr\u00e4chtigen und \/ oder Unbehagen oder Sch\u00e4den verursachen k\u00f6nnten, ist sowohl den anderen Insassen des Fahrzeugs als auch den \u00fcbrigen Verkehrsteilnehmern untersagt. Es ist daher verboten, Arme, Beine und \/ oder Gegenst\u00e4nde aus dem Fahrzeug zu nehmen.<\/span><\/li>\n<\/ul>\n<ul>\n<li style=\"font-weight: 400;\"><span style=\"font-weight: 400;\">Die Teilnehmer der Aktivit\u00e4t sind verpflichtet, anderen Benutzern und Fu\u00dfg\u00e4ngern gegen\u00fcber respektvoll zu sein und auf jeden Fall zu vermeiden, Straftaten oder Beleidigungen gegen sie zu richten sowie \u00fcberm\u00e4\u00dfig zu schreien oder zu schreien, um jederzeit einen angemessenen und angemessenen Ger\u00e4uschpegel aufrechtzuerhalten.<\/span><\/li>\n<\/ul>\n<ul>\n<li style=\"font-weight: 400;\"><span style=\"font-weight: 400;\">Es ist die Verpflichtung der Fahrzeuginsassen, die M\u00f6bel an Bord des Fahrzeugs zu pflegen und zu respektieren.<\/span><\/li>\n<\/ul>\n<ul>\n<li style=\"font-weight: 400;\"><span style=\"font-weight: 400;\">Die Teilnehmer sind vor und w\u00e4hrend der gesamten Tour verpflichtet, angemessene Kleidung f\u00fcr die Art der auszuf\u00fchrenden Aktivit\u00e4t zu tragen. Es ist zum Beispiel verboten, solange ihnen ein Element fehlt, das sie bedeckt, und ohne Hemd auskommt.<\/span><\/li>\n<\/ul>\n<ul>\n<li style=\"font-weight: 400;\"><span style=\"font-weight: 400;\">Es ist verboten, Verhaltensweisen auszuf\u00fchren, die den Fahrer ablenken k\u00f6nnten, und zu versuchen, an die Steuerung des Fahrzeugs zu gelangen.<\/span><\/li>\n<\/ul>\n<ul>\n<li style=\"font-weight: 400;\"><span style=\"font-weight: 400;\">Es ist verboten, alkoholische Getr\u00e4nke an Bord des Fahrzeugs zu bringen, wobei alkoholfreie Getr\u00e4nke sowie bestimmte Lebensmittel (Snacks usw.) zugelassen sind, sofern diese nicht in Glas, Dosen oder Keramik verpackt sind.<\/span><\/li>\n<\/ul>\n<ul>\n<li style=\"font-weight: 400;\"><span style=\"font-weight: 400;\">Das Rauchen ist an Bord des Fahrzeugs verboten.<\/span><\/li>\n<\/ul>\n<p><span style=\"font-weight: 400;\">Schlie\u00dflich ist zu beachten, dass das oben Gesagte keine geschlossene Liste ist, aber ungew\u00f6hnliche Verhaltensweisen, die im Gegensatz zu denen stehen, die normalerweise von anderen B\u00fcrgern verlangt werden, wahrscheinlich darin enthalten sind.<\/span>[\/vc_column_text][\/vc_tta_section][vc_tta_section i_position=&#8220;right&#8220; i_icon_fontawesome=&#8220;fa fa-chevron-down&#8220; add_icon=&#8220;true&#8220; title=&#8220;EMPFEHLUNGEN UND WARNHINWEISE&#8220; tab_id=&#8220;1594210903131-0b0b00d4-5041&#8243;][vc_column_text]<\/p>\n<ul>\n<li style=\"font-weight: 400;\"><span style=\"font-weight: 400;\">Wenn die Aktivit\u00e4t in den Sommermonaten durchgef\u00fchrt werden soll, wird empfohlen, dass die Teilnehmer eine Flasche Wasser in einen Plastikbeh\u00e4lter bringen und Sonnenschutz verwenden, um Hitzschlag und andere durch die Temperatur verursachte nachteilige Auswirkungen zu vermeiden.<\/span><\/li>\n<\/ul>\n<ul>\n<li style=\"font-weight: 400;\"><span style=\"font-weight: 400;\">Die Fahrzeuge haben keinen Platz f\u00fcr Koffer, nur eine Tasche oder einen Rucksack. Es wird daher empfohlen, das Volumen Ihrer Sachen zu \u00fcberpr\u00fcfen, bevor Sie in das Fahrzeug einsteigen. <\/span><\/li>\n<\/ul>\n<p>[\/vc_column_text][\/vc_tta_section][vc_tta_section i_position=&#8220;right&#8220; i_icon_fontawesome=&#8220;fa fa-chevron-down&#8220; add_icon=&#8220;true&#8220; title=&#8220;AUSNAHMEN ZUR ZIVILEN HAFTUNG&#8220; tab_id=&#8220;1594210939403-57e61dde-3cda&#8220;][vc_column_text]<span style=\"font-weight: 400;\">Da ich eine Person \u00fcber 18 Jahre bin, daher vollj\u00e4hrig ist und die Teilnahme an der mit dem Vertrag \u00fcber die Dienstleistung auszuf\u00fchrenden T\u00e4tigkeit v\u00f6llig freiwillig ist, bin ich mir bewusst, dass ich f\u00fcr mein Verhalten \/ meine Leistung allein verantwortlich bin da es meine Teilnahme an der mit dem TUK TUK TAPAS-Fahrzeug organisierten Aktivit\u00e4t dauert und f\u00fcr das Verhalten \/ Handeln von Minderj\u00e4hrigen unter meiner Verantwortung verantwortlich ist.<\/span><\/p>\n<ul>\n<li style=\"font-weight: 400;\"><span style=\"font-weight: 400;\">Ich kenne und bin f\u00fcr die Risiken verantwortlich und befreie das Unternehmen TUK TUK TAPAS. In Bezug auf Sch\u00e4den und \/ oder K\u00f6rperverletzungen, die ich mir selbst oder den von mir beauftragten Minderj\u00e4hrigen w\u00e4hrend der Dauer der Aktivit\u00e4t als Folge von Handlungen oder Verhaltensweisen erleiden kann, die gegen die Bestimmungen der allgemeinen Bedingungen des Dienstes versto\u00dfen.<\/span><\/li>\n<\/ul>\n<ul>\n<li style=\"font-weight: 400;\"><span style=\"font-weight: 400;\">Ich kenne und bin f\u00fcr die Risiken verantwortlich und befreie den vorgenannten Auftraggeber von allen Sch\u00e4den und \/ oder K\u00f6rperverletzungen, die ich oder Minderj\u00e4hrige unter meiner Verantwortung w\u00e4hrend einer Verletzung Dritter au\u00dferhalb der T\u00e4tigkeit verursachen k\u00f6nnen die Bestimmungen der Allgemeinen Nutzungsbedingungen.<\/span><\/li>\n<\/ul>\n<ul>\n<li style=\"font-weight: 400;\"><span style=\"font-weight: 400;\">Ich wei\u00df und bin verantwortlich f\u00fcr die Beschwerden, die die Bevollm\u00e4chtigten der Beh\u00f6rde aufgrund meiner Handlungen oder der von mir beauftragten Minderj\u00e4hrigen an Bord des Fahrzeugs oder w\u00e4hrend der Entwicklung des vertraglich vereinbarten Dienstes formulieren k\u00f6nnen.<\/span><\/li>\n<\/ul>\n<ul>\n<li style=\"font-weight: 400;\"><span style=\"font-weight: 400;\">Ich befreie das Unternehmen TUK TUK TAPAS von der Haftung, wenn es aufgrund von Umst\u00e4nden, die au\u00dferhalb seiner Kontrolle lagen und den Verlauf der geplanten Route verhinderten (z. B. Verkehrsk\u00fcrzungen), ohne vorherige Ank\u00fcndigung an die Teilnehmer ungeplante Orte passieren oder seine Dauer verk\u00fcrzen musste.<\/span><\/li>\n<\/ul>\n<ul>\n<li style=\"font-weight: 400;\"><span style=\"font-weight: 400;\">Ich befreie das Unternehmen, das die Dienstleistung erbringt, von der Haftung f\u00fcr den Fall, dass der Fahrer aufgrund von Umst\u00e4nden, die au\u00dferhalb seiner Kontrolle liegen, wie Versp\u00e4tung oder schlechtem Verhalten aller \/ einiger Fahrg\u00e4ste, gezwungen ist, die Fahrt zu verk\u00fcrzen oder zu verk\u00fcrzen (Klausel) gilt auch f\u00fcr den Fall, dass der Dienst von verschiedenen Gruppen gemietet wird).<\/span><\/li>\n<\/ul>\n<ul>\n<li style=\"font-weight: 400;\"><span style=\"font-weight: 400;\">Ich wei\u00df und bin f\u00fcr den Sturz eines pers\u00f6nlichen oder nicht pers\u00f6nlichen Objekts (Mobiltelefone, Kameras, Videokameras usw.) verantwortlich, unabh\u00e4ngig davon, ob sich das Fahrzeug bewegt oder angehalten \/ geparkt ist.<\/span><\/li>\n<\/ul>\n<ul>\n<li style=\"font-weight: 400;\"><span style=\"font-weight: 400;\">Ich befreie das oben genannte Unternehmen von der Haftung f\u00fcr Sch\u00e4den, die ein pers\u00f6nliches oder nicht pers\u00f6nliches Objekt (Mobiltelefone, Fotokameras, Videokameras usw.) erleiden k\u00f6nnte, wenn das Fahrzeug herunterf\u00e4llt, weil es an die Mitarbeiter des Unternehmens geliefert wurde um Fotos, Videos usw. aufzunehmen<\/span><\/li>\n<\/ul>\n<ul>\n<li style=\"font-weight: 400;\"><span style=\"font-weight: 400;\">Ich kenne und verpflichte mich, den von mir beauftragten Minderj\u00e4hrigen zu folgen und die Anweisungen der Mitarbeiter des Unternehmens bez\u00fcglich der Position im Fahrzeug zu befolgen, um die Ordnung und den reibungslosen Ablauf der Aktivit\u00e4t aufrechtzuerhalten, insbesondere wenn verschiedene unbekannte Gruppen teilnehmen es.<\/span><\/li>\n<\/ul>\n<ul>\n<li style=\"font-weight: 400;\"><span style=\"font-weight: 400;\">Ich bin mir bewusst und bin verantwortlich f\u00fcr Sch\u00e4den oder Verletzungen, die ich selbst oder die von mir beauftragten Minderj\u00e4hrigen infolge eines Versto\u00dfes gegen das Verbot, meinen Sitz zu \u00e4ndern \/ zu bekommen, selbst oder von Teilnehmern \/ Au\u00dfenstehenden Dritter an der Aktivit\u00e4t verursachen k\u00f6nnen f\u00fcr die Dauer der Aktivit\u00e4t aus dem Fahrzeug.<\/span><\/li>\n<li style=\"font-weight: 400;\"><span style=\"font-weight: 400;\">Das Unternehmen TUK TUK TAPAS haftet nicht f\u00fcr Sch\u00e4den, die Dritten an Passagieren entstehen. <\/span><\/li>\n<\/ul>\n<ul>\n<li style=\"list-style-type: none;\">\n<\/li>\n<\/ul>\n<p>[\/vc_column_text][\/vc_tta_section][vc_tta_section i_position=&#8220;right&#8220; i_icon_fontawesome=&#8220;fa fa-chevron-down&#8220; add_icon=&#8220;true&#8220; title=&#8220;ANNAHME&#8220; tab_id=&#8220;1594211035108-1ba5c90d-0d4d&#8220;][vc_column_text]<\/p>\n<ul>\n<li><span style=\"font-weight: 400;\">Ich wurde informiert und daher autorisiere und akzeptiere ich, dass die Firma TUK TUK TAPAS mein Image und das der Minderj\u00e4hrigen, die f\u00fcr Werbe- oder Marketingzwecke verantwortlich sind, verwendet und \/ oder ver\u00f6ffentlicht. Bei Nicht\u00fcbereinstimmung mit dieser Klausel muss das f\u00fcr die Aktivit\u00e4t zust\u00e4ndige Personal informiert werden, das die Ablehnung schriftlich aufzeichnet (dieses Dokument muss von beiden Vertragsparteien unterzeichnet sein).<\/span><\/li>\n<li style=\"font-weight: 400;\"><span style=\"font-weight: 400;\">Ich wurde informiert und daher autorisiere und akzeptiere ich, dass die Firma TUK TUK TAPAS Kameras im Fahrzeug f\u00fcr Sicherheits- und interne Kontrollzwecke verwendet. Die von diesen Kameras aufgenommenen Bilder werden nur f\u00fcr die interne statistische Kontrolle von TUK TUK TAPAS verwendet und nach 30 Tagen (wie gesetzlich festgelegt) entfernt. Im Falle einer Nicht\u00fcbereinstimmung mit dieser Klausel muss das f\u00fcr die Aktivit\u00e4t zust\u00e4ndige Personal vor Vertragsabschluss informiert werden.<\/span><\/li>\n<li style=\"font-weight: 400;\"><span style=\"font-weight: 400;\">Im Falle von Zweifeln oder Missverst\u00e4ndnissen bez\u00fcglich der Vertragsbedingungen und mangels gegenteiliger Beweise halten sich die Parteien ausschlie\u00dflich an die schriftlichen Bestimmungen.<\/span><\/li>\n<li><span style=\"font-weight: 400;\">Im Falle einer Stornierung und \/ oder Verk\u00fcrzung der Gesamtdauer der Aktivit\u00e4t aus Gr\u00fcnden, die au\u00dferhalb der Kontrolle des Unternehmens liegen, das die Dienstleistung erbringt, erfolgt keine R\u00fcckerstattung des auf Rechnung gezahlten Geldes. <\/span><\/li>\n<\/ul>\n<p>[\/vc_column_text][\/vc_tta_section][vc_tta_section i_position=&#8220;right&#8220; i_icon_fontawesome=&#8220;fa fa-chevron-down&#8220; add_icon=&#8220;true&#8220; title=&#8220;COMPUTERVERARBEITUNG PERS\u00d6NLICHER DATEN&#8220; tab_id=&#8220;1594211122202-2be13413-2951&#8243;][vc_column_text]<span style=\"font-weight: 400;\">Der Kunde gestattet die automatisierte Verarbeitung der in diesem Vertrag erhobenen personenbezogenen Daten, die f\u00fcr die Erbringung der vereinbarten Dienstleistung sowie f\u00fcr das Angebot und den Vertrag anderer Produkte und sonstiger Unternehmensdienstleistungen erforderlich sind. Der Kunde wird \u00fcber das Recht informiert, per E-Mail auf seine pers\u00f6nlichen Daten zuzugreifen, diese zu korrigieren und gegebenenfalls zu l\u00f6schen <\/span><\/p>\n<p><span style=\"font-weight: 400;\">Ebenso erteilt der Kunde seine Zustimmung zu TUK TUK TAPAS, seine Daten an Konzernunternehmen, deren Franchisenehmer oder andere Personen, mit denen TUK TUK TAPAS zusammenarbeitet, zu \u00fcbertragen. Abschluss von Kooperationsvereinbarungen zur bestm\u00f6glichen Erbringung des touristischen Dienstes durch Elektrofahrzeuge in Spanien oder im Ausland unter Beachtung der spanischen Gesetzgebung zum Schutz personenbezogener Daten.<\/span>[\/vc_column_text][\/vc_tta_section][vc_tta_section i_position=&#8220;right&#8220; i_icon_fontawesome=&#8220;fa fa-chevron-down&#8220; add_icon=&#8220;true&#8220; title=&#8220;ANWENDBARES RECHT UND GERICHTSSTAND&#8220; tab_id=&#8220;1594211154731-ea88204b-0cba&#8220;][vc_column_text]<span style=\"font-weight: 400;\">Dieser Vertrag unterliegt spanischem Recht und wird entsprechend ausgelegt. Die Probleme, die sich aus diesem Vertrag zwischen TUK TUK TAPAS und dem Kunden ergeben, fallen in die Zust\u00e4ndigkeit der spanischen Gerichte, die der Stadt entsprechen, in der der Vertrag unterzeichnet wurde, und die beide Parteien einreichen.<\/span>[\/vc_column_text][\/vc_tta_section][vc_tta_section i_position=&#8220;right&#8220; i_icon_fontawesome=&#8220;fa fa-chevron-down&#8220; add_icon=&#8220;true&#8220; title=&#8220;BEST\u00c4TIGUNG&#8220; tab_id=&#8220;1594211186034-16f82d91-a05d&#8220;][vc_column_text]<span style=\"font-weight: 400;\">Ab der Best\u00e4tigung der Reservierung und damit der Zahlung der Dienstleistung \u00fcbernimmt der Kunde ausdr\u00fccklich alle diese Allgemeinen Gesch\u00e4ftsbedingungen und die Annahme der Datenschutzerkl\u00e4rung. F\u00fcr den Fall, dass eine Person eine andere Person registriert oder f\u00fcr Minderj\u00e4hrige zust\u00e4ndig ist, \u00fcbernimmt sie in ihrem Namen jede einzelne dieser Allgemeinen Gesch\u00e4ftsbedingungen.<\/span>[\/vc_column_text][\/vc_tta_section][\/vc_tta_accordion][\/vc_column][\/vc_row]<\/p>\n<\/section>","protected":false},"excerpt":{"rendered":"<p>[vc_row][vc_column][vc_column_text]Nachfolgend finden Sie die allgemeinen Nutzungsbedingungen f\u00fcr den von der Firma TUK TUK TAPAS angebotenen elektrischen Tuktuk-Service. Dieser Service ist f\u00fcr jedes Alter geeignet. Minderj\u00e4hrige Benutzer m\u00fcssen von ihrem Vater \/ ihrer Mutter oder ihrem Vormund begleitet werden.[\/vc_column_text][vc_tta_accordion][vc_tta_section i_position=&#8220;right&#8220; i_icon_fontawesome=&#8220;fa fa-chevron-down&#8220; add_icon=&#8220;true&#8220; title=&#8220;PREIS-, DAUER- UND ZAHLUNGSPOLITIK&#8220; tab_id=&#8220;1594210574654-3a7ed3e4-b764&#8243;][vc_column_text] Der Preis und die Dauer des Dienstes spiegeln<\/p>\n<div class=\"padding-top text-center\"><a href=\"https:\/\/www.tuktuktapas.com\/de\/kaufbedingungen\/\" class=\"atbtn atbtn--medium atbtn--rounded atbtn--transparent\">Read more<i class=\"atbtn__icon atbtn__icon--right fa fa-long-arrow-right\"><\/i><\/a><\/div>\n","protected":false},"author":1,"featured_media":0,"parent":0,"menu_order":0,"comment_status":"closed","ping_status":"closed","template":"","meta":{"_joinchat":[],"footnotes":""},"class_list":["post-1668","page","type-page","status-publish","hentry"],"yoast_head":"<!-- This site is optimized with the Yoast SEO plugin v23.7 - https:\/\/yoast.com\/wordpress\/plugins\/seo\/ -->\n<title>Kaufbedingungen - Tuk Tuk Tapas<\/title>\n<meta name=\"robots\" content=\"index, follow, max-snippet:-1, max-image-preview:large, max-video-preview:-1\" \/>\n<link rel=\"canonical\" href=\"https:\/\/www.tuktuktapas.com\/condiciones-de-compra\/\" \/>\n<meta property=\"og:locale\" content=\"de_DE\" \/>\n<meta property=\"og:type\" content=\"article\" \/>\n<meta property=\"og:title\" content=\"Kaufbedingungen - Tuk Tuk Tapas\" \/>\n<meta property=\"og:description\" content=\"[vc_row][vc_column][vc_column_text]Nachfolgend finden Sie die allgemeinen Nutzungsbedingungen f\u00fcr den von der Firma TUK TUK TAPAS angebotenen elektrischen Tuktuk-Service. Dieser Service ist f\u00fcr jedes Alter geeignet. Minderj\u00e4hrige Benutzer m\u00fcssen von ihrem Vater \/ ihrer Mutter oder ihrem Vormund begleitet werden.[\/vc_column_text][vc_tta_accordion][vc_tta_section i_position=&#8220;right&#8220; i_icon_fontawesome=&#8220;fa fa-chevron-down&#8220; add_icon=&#8220;true&#8220; title=&#8220;PREIS-, DAUER- UND ZAHLUNGSPOLITIK&#8220; tab_id=&#8220;1594210574654-3a7ed3e4-b764&#8243;][vc_column_text] Der Preis und die Dauer des Dienstes spiegelnRead more\" \/>\n<meta property=\"og:url\" content=\"https:\/\/www.tuktuktapas.com\/condiciones-de-compra\/\" \/>\n<meta property=\"og:site_name\" content=\"Tuk Tuk Tapas\" \/>\n<meta property=\"article:modified_time\" content=\"2021-04-20T09:18:16+00:00\" \/>\n<meta name=\"twitter:card\" content=\"summary_large_image\" \/>\n<meta name=\"twitter:label1\" content=\"Gesch\u00e4tzte Lesezeit\" \/>\n\t<meta name=\"twitter:data1\" content=\"11\u00a0Minuten\" \/>\n<script type=\"application\/ld+json\" class=\"yoast-schema-graph\">{\"@context\":\"https:\/\/schema.org\",\"@graph\":[{\"@type\":\"WebPage\",\"@id\":\"https:\/\/www.tuktuktapas.com\/condiciones-de-compra\/\",\"url\":\"https:\/\/www.tuktuktapas.com\/condiciones-de-compra\/\",\"name\":\"Kaufbedingungen - Tuk Tuk Tapas\",\"isPartOf\":{\"@id\":\"https:\/\/www.tuktuktapas.com\/#website\"},\"datePublished\":\"2021-04-20T09:18:11+00:00\",\"dateModified\":\"2021-04-20T09:18:16+00:00\",\"breadcrumb\":{\"@id\":\"https:\/\/www.tuktuktapas.com\/condiciones-de-compra\/#breadcrumb\"},\"inLanguage\":\"de\",\"potentialAction\":[{\"@type\":\"ReadAction\",\"target\":[\"https:\/\/www.tuktuktapas.com\/condiciones-de-compra\/\"]}]},{\"@type\":\"BreadcrumbList\",\"@id\":\"https:\/\/www.tuktuktapas.com\/condiciones-de-compra\/#breadcrumb\",\"itemListElement\":[{\"@type\":\"ListItem\",\"position\":1,\"name\":\"Portada\",\"item\":\"https:\/\/www.tuktuktapas.com\/de\/\"},{\"@type\":\"ListItem\",\"position\":2,\"name\":\"Kaufbedingungen\"}]},{\"@type\":\"WebSite\",\"@id\":\"https:\/\/www.tuktuktapas.com\/#website\",\"url\":\"https:\/\/www.tuktuktapas.com\/\",\"name\":\"Tuk Tuk Tapas\",\"description\":\"Otra forma de conocer Madrid\",\"potentialAction\":[{\"@type\":\"SearchAction\",\"target\":{\"@type\":\"EntryPoint\",\"urlTemplate\":\"https:\/\/www.tuktuktapas.com\/?s={search_term_string}\"},\"query-input\":{\"@type\":\"PropertyValueSpecification\",\"valueRequired\":true,\"valueName\":\"search_term_string\"}}],\"inLanguage\":\"de\"}]}<\/script>\n<!-- \/ Yoast SEO plugin. -->","yoast_head_json":{"title":"Kaufbedingungen - Tuk Tuk Tapas","robots":{"index":"index","follow":"follow","max-snippet":"max-snippet:-1","max-image-preview":"max-image-preview:large","max-video-preview":"max-video-preview:-1"},"canonical":"https:\/\/www.tuktuktapas.com\/condiciones-de-compra\/","og_locale":"de_DE","og_type":"article","og_title":"Kaufbedingungen - Tuk Tuk Tapas","og_description":"[vc_row][vc_column][vc_column_text]Nachfolgend finden Sie die allgemeinen Nutzungsbedingungen f\u00fcr den von der Firma TUK TUK TAPAS angebotenen elektrischen Tuktuk-Service. Dieser Service ist f\u00fcr jedes Alter geeignet. Minderj\u00e4hrige Benutzer m\u00fcssen von ihrem Vater \/ ihrer Mutter oder ihrem Vormund begleitet werden.[\/vc_column_text][vc_tta_accordion][vc_tta_section i_position=&#8220;right&#8220; i_icon_fontawesome=&#8220;fa fa-chevron-down&#8220; add_icon=&#8220;true&#8220; title=&#8220;PREIS-, DAUER- UND ZAHLUNGSPOLITIK&#8220; tab_id=&#8220;1594210574654-3a7ed3e4-b764&#8243;][vc_column_text] Der Preis und die Dauer des Dienstes spiegelnRead more","og_url":"https:\/\/www.tuktuktapas.com\/condiciones-de-compra\/","og_site_name":"Tuk Tuk Tapas","article_modified_time":"2021-04-20T09:18:16+00:00","twitter_card":"summary_large_image","twitter_misc":{"Gesch\u00e4tzte Lesezeit":"11\u00a0Minuten"},"schema":{"@context":"https:\/\/schema.org","@graph":[{"@type":"WebPage","@id":"https:\/\/www.tuktuktapas.com\/condiciones-de-compra\/","url":"https:\/\/www.tuktuktapas.com\/condiciones-de-compra\/","name":"Kaufbedingungen - Tuk Tuk Tapas","isPartOf":{"@id":"https:\/\/www.tuktuktapas.com\/#website"},"datePublished":"2021-04-20T09:18:11+00:00","dateModified":"2021-04-20T09:18:16+00:00","breadcrumb":{"@id":"https:\/\/www.tuktuktapas.com\/condiciones-de-compra\/#breadcrumb"},"inLanguage":"de","potentialAction":[{"@type":"ReadAction","target":["https:\/\/www.tuktuktapas.com\/condiciones-de-compra\/"]}]},{"@type":"BreadcrumbList","@id":"https:\/\/www.tuktuktapas.com\/condiciones-de-compra\/#breadcrumb","itemListElement":[{"@type":"ListItem","position":1,"name":"Portada","item":"https:\/\/www.tuktuktapas.com\/de\/"},{"@type":"ListItem","position":2,"name":"Kaufbedingungen"}]},{"@type":"WebSite","@id":"https:\/\/www.tuktuktapas.com\/#website","url":"https:\/\/www.tuktuktapas.com\/","name":"Tuk Tuk Tapas","description":"Otra forma de conocer Madrid","potentialAction":[{"@type":"SearchAction","target":{"@type":"EntryPoint","urlTemplate":"https:\/\/www.tuktuktapas.com\/?s={search_term_string}"},"query-input":{"@type":"PropertyValueSpecification","valueRequired":true,"valueName":"search_term_string"}}],"inLanguage":"de"}]}},"_links":{"self":[{"href":"https:\/\/www.tuktuktapas.com\/de\/wp-json\/wp\/v2\/pages\/1668","targetHints":{"allow":["GET"]}}],"collection":[{"href":"https:\/\/www.tuktuktapas.com\/de\/wp-json\/wp\/v2\/pages"}],"about":[{"href":"https:\/\/www.tuktuktapas.com\/de\/wp-json\/wp\/v2\/types\/page"}],"author":[{"embeddable":true,"href":"https:\/\/www.tuktuktapas.com\/de\/wp-json\/wp\/v2\/users\/1"}],"replies":[{"embeddable":true,"href":"https:\/\/www.tuktuktapas.com\/de\/wp-json\/wp\/v2\/comments?post=1668"}],"version-history":[{"count":6,"href":"https:\/\/www.tuktuktapas.com\/de\/wp-json\/wp\/v2\/pages\/1668\/revisions"}],"predecessor-version":[{"id":1674,"href":"https:\/\/www.tuktuktapas.com\/de\/wp-json\/wp\/v2\/pages\/1668\/revisions\/1674"}],"wp:attachment":[{"href":"https:\/\/www.tuktuktapas.com\/de\/wp-json\/wp\/v2\/media?parent=1668"}],"curies":[{"name":"wp","href":"https:\/\/api.w.org\/{rel}","templated":true}]}}